{"id":5,"date":"2019-09-09T11:22:37","date_gmt":"2019-09-09T11:22:37","guid":{"rendered":"https:\/\/www.viennafilmservices.com\/web\/?p=5"},"modified":"2025-08-26T14:38:10","modified_gmt":"2025-08-26T12:38:10","slug":"foerdermanagement","status":"publish","type":"page","link":"https:\/\/www.viennafilmservices.com\/web\/foerdermanagement\/","title":{"rendered":"F\u00f6rdermanagement &#038; Filmgesch\u00e4ftsf\u00fchrung"},"content":{"rendered":"<h1>\n<p>F\u00f6rdermanagement &amp; Filmgesch\u00e4ftsf\u00fchrung<\/p>\n<\/h1>\n<p><img decoding=\"async\" src=\"\/web\/wp-content\/uploads\/yootheme\/products-cta.svg\" alt=\"\"><\/p>\n<h2>\n<p>Wickle dein Projekt von Anfang an entsprechend der \u00f6sterreichischen F\u00f6rderungssysteme ab<\/p>\n<\/h2>\n<div>\n<ul>\n<li>Erstellung der Einreichunterlagen (Drehplan und Kalkulation)<\/li>\n<li>Projektbegleitendes F\u00f6rdermanagement im Sinne einer aktiven Filmgesch\u00e4ftsf\u00fchrung<\/li>\n<li>Unterst\u00fctzung bei der der Abrechnung<\/li>\n<\/ul>\n<\/div>\n<h2>Unsere Module<\/h2>\n<p><img decoding=\"async\" src=\"\/web\/wp-content\/uploads\/yootheme\/sustainability-goals-01.svg\" alt=\"\"><br \/>\n<img decoding=\"async\" src=\"\/web\/wp-content\/uploads\/yootheme\/sustainability-goals-02.svg\" alt=\"\"><\/p>\n<div>Modul #01<\/div>\n<div>Projektentwicklung &amp; Einreichung<\/div>\n<div>\n<h4>Dieses Modul ist f\u00fcr die Projektentwicklungsphase gedacht und so konzipiert, dass sie als Teil der Projektentwicklungskosten eingereicht werden kann.<\/h4>\n<ul>\n<li>DREHPLAN<\/li>\n<li>KALKULATIONSDETAILS (Bild Ausz\u00fcge \u2013 Fuzzlecheckformat)<\/li>\n<li>KALKULATION (in den Formaten f\u00fcr die gew\u00fcnschte Einreichung)<\/li>\n<\/ul>\n<\/div>\n<p>[cog]<\/p>\n<div>Modul #02<\/div>\n<div>\n<p>Filmgesch\u00e4fts-f\u00fchrung 1 (Produktionsphase)<\/p>\n<\/div>\n<div>\n<h4>Dieses Modul ist produktions- \/ drehbegleitend gedacht, es entspricht der klassischen T\u00e4tigkeit der angestellten Filmgesch\u00e4ftsf\u00fchrung (erg\u00e4nzt um unsere steuerberaterliche und juristische Expertise). Durch die Skalierbarkeit unseres Modells k\u00f6nnen wir fr\u00fch ein- und sp\u00e4t aussteigen und die volle Dienstleistung f\u00fcr das ganze Projekt aus einer Hand erbringen. Wir arbeiten mit BMD.<\/h4>\n<ul>\n<li>KONTENPLAN (nach jeweiliger Kalkulation und Anforderungen der F\u00f6rderstellen)<\/li>\n<li>KOSTENSTAND (w\u00f6chentlich)<\/li>\n<li>UMSATZSTEUER (monatlich) zur Integration in die Hauptbuchhaltung.<\/li>\n<li>LOHNVERRECHNUNG (inkl. Lohnabschl\u00fcsse)<\/li>\n<li>AUSZAHLUNGSJOURNAL (inkl. \u00dcberweisungen der L\u00f6hne)<\/li>\n<li>ABRECHNUNG des gesamten Drehprojektes<\/li>\n<li>PR\u00c4SENZ VOR ORT (auf Wunsch)<\/li>\n<\/ul>\n<p>Fortf\u00fchrung der Filmgesch\u00e4ftsf\u00fchrung in der Postproduktion (pauschal oder Stundensatz)<\/p>\n<\/div>\n<p>[cog]<\/p>\n<div>Modul #03<\/div>\n<div>Filmgesch\u00e4fts-f\u00fchrung 2 (Abrechnungsphase)<\/div>\n<div>\n<h4>Dieses Modul ist f\u00fcr die Abrechnung der F\u00f6rderung gedacht und in vielen Teilen eine Gemeinschaftsleistung von Vienna Film Services und der jeweiligen Produktionsfirma. Voraussetzung unsererseits, dass wir MODUL 2 betreut haben.<\/h4>\n<ul>\n<li>ABSCHLUSSBERICHT (Kostenabweichungen, Versicherungsf\u00e4lle)<\/li>\n<li>DIENSTNEHMERLISTE<\/li>\n<li>ENDKOSTENSTAND<\/li>\n<li>GREENABSCHLUSS &#8211; in Zusammenarbeit mit Greenproducing<\/li>\n<li>RECHNUNGSLEGERLISTE<\/li>\n<li>KORE EINZELNACHWEIS (mit Effekten)<\/li>\n<li>SALDENLISTEN<\/li>\n<li>AUSZAHLUNGSJOURNAL<\/li>\n<li>BELEGSPR\u00dcFUNG (ausschlie\u00dflich nach Stundensatz)<\/li>\n<\/ul>\n<\/div>\n<p>[cog]<\/p>\n<p><!--more--><br \/>\n<!-- {\"name\":\"Press\",\"type\":\"layout\",\"children\":[{\"name\":\"Hero\",\"type\":\"section\",\"props\":{\"height\":\"viewport\",\"height_offset_top\":true,\"id\":\"hero\",\"image_position\":\"center-center\",\"style\":\"default\",\"title_breakpoint\":\"xl\",\"title_position\":\"top-left\",\"title_rotation\":\"left\",\"vertical_align\":\"middle\",\"width\":\"large\"},\"children\":[{\"type\":\"row\",\"children\":[{\"type\":\"column\",\"props\":{\"image_position\":\"center-center\",\"position_sticky_breakpoint\":\"m\",\"width_medium\":\"1-1\"},\"children\":[{\"type\":\"headline\",\"props\":{\"animation\":\"none\",\"content\":\"\n\n<p>F\\u00f6rdermanagement &amp; Filmgesch\\u00e4ftsf\\u00fchrung<\\\/p>\",\"text_align\":\"center\",\"title_color\":\"primary\",\"title_element\":\"h1\",\"title_style\":\"heading-xlarge\"}}]}]}]},{\"name\":\"About\",\"type\":\"section\",\"props\":{\"image_position\":\"center-center\",\"padding\":\"xlarge\",\"padding_remove_top\":true,\"style\":\"default\",\"title_breakpoint\":\"xl\",\"title_position\":\"top-left\",\"title_rotation\":\"left\",\"vertical_align\":\"\",\"width\":\"\"},\"children\":[{\"type\":\"row\",\"props\":{\"column_gap\":\"large\",\"layout\":\"1-2,1-2\",\"row_gap\":\"large\",\"width\":\"xlarge\"},\"children\":[{\"type\":\"column\",\"props\":{\"image_position\":\"center-center\",\"position_sticky_breakpoint\":\"m\",\"width_medium\":\"1-2\"},\"children\":[{\"type\":\"image\",\"props\":{\"image\":\"wp-content\\\/uploads\\\/yootheme\\\/products-cta.svg\",\"image_svg_color\":\"emphasis\",\"image_svg_inline\":true,\"margin\":\"default\",\"text_align\":\"center\"}}]},{\"type\":\"column\",\"props\":{\"image_position\":\"center-center\",\"position_sticky_breakpoint\":\"m\",\"vertical_align\":\"middle\",\"width_medium\":\"1-2\"},\"children\":[{\"type\":\"headline\",\"props\":{\"animation\":\"parallax\",\"block_align\":\"center\",\"content\":\"\n\n<p>Wickle dein Projekt von Anfang an entsprechend der \\u00f6sterreichischen F\\u00f6rderungssysteme ab<\\\/p>\",\"margin\":\"medium\",\"maxwidth\":\"xlarge\",\"parallax_breakpoint\":\"m\",\"parallax_easing\":\"1\",\"parallax_target\":\"!.uk-section\",\"parallax_y\":\"300,-150\",\"parallax_zindex\":false,\"title_element\":\"h2\",\"title_style\":\"heading-medium\"}},{\"type\":\"text\",\"props\":{\"animation\":\"parallax\",\"block_align\":\"center\",\"column_breakpoint\":\"m\",\"content\":\"\n\n<ul>\\n\n\n<li>Erstellung der Einreichunterlagen (Drehplan und Kalkulation)<\\\/li>\\n\n\n<li>Projektbegleitendes F\\u00f6rdermanagement im Sinne einer aktiven Filmgesch\\u00e4ftsf\\u00fchrung<\\\/li>\\n\n\n<li>Unterst\\u00fctzung bei der der Abrechnung<\\\/li>\\n<\\\/ul>\",\"margin\":\"default\",\"maxwidth\":\"xlarge\",\"parallax_breakpoint\":\"m\",\"parallax_easing\":\"1\",\"parallax_target\":\"!.uk-section\",\"parallax_y\":\"300,-100\",\"parallax_zindex\":false,\"text_style\":\"lead\"}}]}]}]},{\"name\":\"Module\",\"type\":\"section\",\"props\":{\"css\":\"@media (min-width: 1200px){\\n\\t.el-section > div { padding-bottom: 500px; }\\n}\",\"image\":\"wp-content\\\/uploads\\\/yootheme\\\/sustainability-goals-bg.svg\",\"image_position\":\"bottom-center\",\"media_visibility\":\"m\",\"padding\":\"xlarge\",\"style\":\"primary\",\"title_breakpoint\":\"xl\",\"title_position\":\"top-left\",\"title_rotation\":\"left\",\"vertical_align\":\"\",\"width\":\"large\"},\"children\":[{\"type\":\"row\",\"props\":{\"layout\":\"1-2,1-2\",\"margin\":\"xlarge\"},\"children\":[{\"type\":\"column\",\"props\":{\"image_position\":\"center-center\",\"position_sticky_breakpoint\":\"m\",\"width_medium\":\"1-2\"},\"children\":[{\"type\":\"headline\",\"props\":{\"animation\":\"parallax\",\"class\":\"uk-heading-divider uk-display-inline-block\",\"content\":\"Unsere Module\",\"margin\":\"xlarge\",\"parallax_breakpoint\":\"m\",\"parallax_easing\":\"1\",\"parallax_y\":\"200,0\",\"title_element\":\"h2\",\"title_style\":\"heading-xlarge\"}}]},{\"type\":\"column\",\"props\":{\"image_position\":\"center-center\",\"position_sticky_breakpoint\":\"m\",\"width_medium\":\"1-2\"},\"children\":[{\"type\":\"image\",\"props\":{\"animation\":\"parallax\",\"image\":\"wp-content\\\/uploads\\\/yootheme\\\/sustainability-goals-01.svg\",\"image_svg_color\":\"emphasis\",\"image_svg_inline\":true,\"margin\":\"default\",\"parallax_breakpoint\":\"m\",\"parallax_easing\":\"1\",\"parallax_y\":\"0,100\"}}]}]},{\"type\":\"row\",\"props\":{\"layout\":\"1-2,1-2\",\"margin\":\"xlarge\"},\"children\":[{\"type\":\"column\",\"props\":{\"image_position\":\"center-center\",\"position_sticky_breakpoint\":\"m\",\"width_medium\":\"1-2\"},\"children\":[{\"type\":\"image\",\"props\":{\"animation\":\"parallax\",\"image\":\"wp-content\\\/uploads\\\/yootheme\\\/sustainability-goals-02.svg\",\"image_svg_color\":\"emphasis\",\"image_svg_inline\":true,\"margin\":\"default\",\"parallax_breakpoint\":\"m\",\"parallax_easing\":\"1\",\"parallax_y\":\"0,100\",\"text_align\":\"center\"}}]},{\"type\":\"column\",\"props\":{\"image_position\":\"center-center\",\"order_first\":\"m\",\"position_sticky_breakpoint\":\"m\",\"width_medium\":\"1-2\"},\"children\":[{\"type\":\"headline\",\"props\":{\"animation\":\"parallax\",\"content\":\"Modul #01\",\"parallax_breakpoint\":\"m\",\"parallax_easing\":\"1\",\"parallax_y\":\"200,0\",\"title_decoration\":\"line\",\"title_element\":\"div\",\"title_style\":\"h4\"}},{\"type\":\"headline\",\"props\":{\"animation\":\"parallax\",\"content\":\"Projektentwicklung &amp; Einreichung\",\"parallax_breakpoint\":\"m\",\"parallax_easing\":\"1\",\"parallax_y\":\"200,0\",\"title_element\":\"div\",\"title_style\":\"heading-medium\"}}]}]},{\"type\":\"row\",\"children\":[{\"type\":\"column\",\"props\":{\"image_position\":\"center-center\",\"position_sticky_breakpoint\":\"m\"},\"children\":[{\"type\":\"text\",\"props\":{\"column_breakpoint\":\"m\",\"content\":\"\n\n<h4>Dieses Modul ist f\\u00fcr die Projektentwicklungsphase gedacht und so konzipiert, dass sie als Teil der Projektentwicklungskosten eingereicht werden kann.<\\\/h4>\\n\n\n<ul>\\n\n\n<li>DREHPLAN<\\\/li>\\n\n\n<li>KALKULATIONSDETAILS (Bild Ausz\\u00fcge \\u2013 Fuzzlecheckformat)<\\\/li>\\n\n\n<li>KALKULATION (in den Formaten f\\u00fcr die gew\\u00fcnschte Einreichung)<\\\/li>\\n<\\\/ul>\",\"margin\":\"default\"}},{\"type\":\"icon\",\"props\":{\"icon\":\"cog\",\"icon_width\":60,\"margin\":\"default\"}}]}]},{\"type\":\"row\",\"props\":{\"layout\":\"1-2,1-2\",\"margin\":\"xlarge\"},\"children\":[{\"type\":\"column\",\"props\":{\"image_position\":\"center-center\",\"position_sticky_breakpoint\":\"m\",\"width_medium\":\"1-2\"},\"children\":[{\"type\":\"headline\",\"props\":{\"animation\":\"parallax\",\"content\":\"Modul #02\",\"parallax_breakpoint\":\"m\",\"parallax_easing\":\"1\",\"parallax_y\":\"200,0\",\"title_decoration\":\"line\",\"title_element\":\"div\",\"title_style\":\"h4\"}},{\"type\":\"headline\",\"props\":{\"animation\":\"parallax\",\"content\":\"\n\n<p>Filmgesch\\u00e4fts-f\\u00fchrung 1 (Produktionsphase)<\\\/p>\",\"parallax_breakpoint\":\"m\",\"parallax_easing\":\"1\",\"parallax_y\":\"200,0\",\"title_element\":\"div\",\"title_style\":\"heading-medium\"}}]},{\"type\":\"column\",\"props\":{\"image_position\":\"center-center\",\"position_sticky_breakpoint\":\"m\",\"width_medium\":\"1-2\"}}]},{\"type\":\"row\",\"children\":[{\"type\":\"column\",\"props\":{\"image_position\":\"center-center\",\"position_sticky_breakpoint\":\"m\"},\"children\":[{\"type\":\"text\",\"props\":{\"column_breakpoint\":\"m\",\"content\":\"\n\n<h4>Dieses Modul ist produktions- \\\/ drehbegleitend gedacht, es entspricht der klassischen T\\u00e4tigkeit der angestellten Filmgesch\\u00e4ftsf\\u00fchrung (erg\\u00e4nzt um unsere steuerberaterliche und juristische Expertise). Durch die Skalierbarkeit unseres Modells k\\u00f6nnen wir fr\\u00fch ein- und sp\\u00e4t aussteigen und die volle Dienstleistung f\\u00fcr das ganze Projekt aus einer Hand erbringen. Wir arbeiten mit BMD.<\\\/h4>\\n\n\n<ul>\\n\n\n<li>KONTENPLAN (nach jeweiliger Kalkulation und Anforderungen der F\\u00f6rderstellen)<\\\/li>\\n\n\n<li>KOSTENSTAND (w\\u00f6chentlich)<\\\/li>\\n\n\n<li>UMSATZSTEUER (monatlich) zur Integration in die Hauptbuchhaltung.<\\\/li>\\n\n\n<li>LOHNVERRECHNUNG (inkl. Lohnabschl\\u00fcsse)<\\\/li>\\n\n\n<li>AUSZAHLUNGSJOURNAL (inkl. \\u00dcberweisungen der L\\u00f6hne)<\\\/li>\\n\n\n<li>ABRECHNUNG des gesamten Drehprojektes<\\\/li>\\n\n\n<li>PR\\u00c4SENZ VOR ORT (auf Wunsch)<\\\/li>\\n<\\\/ul>\\n\n\n<p>Fortf\\u00fchrung der Filmgesch\\u00e4ftsf\\u00fchrung in der Postproduktion (pauschal oder Stundensatz)<\\\/p>\",\"margin\":\"default\"}},{\"type\":\"icon\",\"props\":{\"icon\":\"cog\",\"icon_width\":60,\"margin\":\"default\"}}]}]},{\"type\":\"row\",\"props\":{\"layout\":\"1-2,1-2\",\"margin\":\"xlarge\"},\"children\":[{\"type\":\"column\",\"props\":{\"image_position\":\"center-center\",\"position_sticky_breakpoint\":\"m\",\"width_medium\":\"1-2\"},\"children\":[{\"type\":\"headline\",\"props\":{\"animation\":\"parallax\",\"content\":\"Modul #03\",\"parallax_breakpoint\":\"m\",\"parallax_easing\":\"1\",\"parallax_y\":\"200,0\",\"title_decoration\":\"line\",\"title_element\":\"div\",\"title_style\":\"h4\"}},{\"type\":\"headline\",\"props\":{\"animation\":\"parallax\",\"content\":\"Filmgesch\\u00e4fts-f\\u00fchrung 2 (Abrechnungsphase)\",\"parallax_breakpoint\":\"m\",\"parallax_easing\":\"1\",\"parallax_y\":\"200,0\",\"title_element\":\"div\",\"title_style\":\"heading-medium\"}}]},{\"type\":\"column\",\"props\":{\"image_position\":\"center-center\",\"position_sticky_breakpoint\":\"m\",\"width_medium\":\"1-2\"}}]},{\"type\":\"row\",\"children\":[{\"type\":\"column\",\"props\":{\"image_position\":\"center-center\",\"position_sticky_breakpoint\":\"m\"},\"children\":[{\"type\":\"text\",\"props\":{\"column_breakpoint\":\"m\",\"content\":\"\n\n<h4>Dieses Modul ist f\\u00fcr die Abrechnung der F\\u00f6rderung gedacht und in vielen Teilen eine Gemeinschaftsleistung von Vienna Film Services und der jeweiligen Produktionsfirma. Voraussetzung unsererseits, dass wir MODUL 2 betreut haben.<\\\/h4>\\n\n\n<ul>\\n\n\n<li>ABSCHLUSSBERICHT (Kostenabweichungen, Versicherungsf\\u00e4lle)<\\\/li>\\n\n\n<li>DIENSTNEHMERLISTE<\\\/li>\\n\n\n<li>ENDKOSTENSTAND<\\\/li>\\n\n\n<li>GREENABSCHLUSS - in Zusammenarbeit mit Greenproducing<\\\/li>\\n\n\n<li>RECHNUNGSLEGERLISTE<\\\/li>\\n\n\n<li>KORE EINZELNACHWEIS (mit Effekten)<\\\/li>\\n\n\n<li>SALDENLISTEN<\\\/li>\\n\n\n<li>AUSZAHLUNGSJOURNAL<\\\/li>\\n\n\n<li>BELEGSPR\\u00dcFUNG (ausschlie\\u00dflich nach Stundensatz)<\\\/li>\\n<\\\/ul>\",\"margin\":\"default\"}},{\"type\":\"icon\",\"props\":{\"icon\":\"cog\",\"icon_width\":60,\"margin\":\"default\"}}]}]}]},{\"name\":\"Solutions\",\"type\":\"section\",\"props\":{\"css\":\"@media (min-width: 1200px){\\n\\t.el-section { padding-bottom: 500px; }\\n}\",\"image_position\":\"center-center\",\"padding\":\"xlarge\",\"status\":\"disabled\",\"style\":\"default\",\"title_breakpoint\":\"xl\",\"title_position\":\"top-left\",\"title_rotation\":\"left\",\"vertical_align\":\"\",\"width\":\"large\"},\"children\":[{\"type\":\"row\",\"children\":[{\"type\":\"column\",\"props\":{\"image_position\":\"center-center\",\"position_sticky_breakpoint\":\"m\",\"width_medium\":\"1-1\"},\"children\":[{\"type\":\"headline\",\"props\":{\"animation\":\"parallax\",\"content\":\"Carbon Targets<br \/> and Develop&shy;ment\",\"parallax_breakpoint\":\"m\",\"parallax_easing\":\"1\",\"parallax_y\":\"50,-100\",\"text_align\":\"left\",\"text_align_breakpoint\":\"m\",\"text_align_fallback\":\"center\",\"title_element\":\"h2\",\"title_style\":\"heading-xlarge\"}}]}]},{\"type\":\"row\",\"props\":{\"column_gap\":\"large\",\"layout\":\"1-2,1-2\",\"margin\":\"xlarge\",\"row_gap\":\"large\"},\"children\":[{\"type\":\"column\",\"props\":{\"image_position\":\"center-center\",\"position_sticky_breakpoint\":\"m\",\"vertical_align\":\"middle\",\"width_medium\":\"1-2\"},\"children\":[{\"type\":\"image\",\"props\":{\"animation\":\"parallax\",\"image\":\"wp-content\\\/uploads\\\/yootheme\\\/sustainability-solutions-01.jpg\",\"image_box_decoration\":\"primary\",\"image_svg_color\":\"emphasis\",\"image_width\":\"610\",\"margin\":\"default\",\"parallax_breakpoint\":\"m\",\"parallax_easing\":\"1\",\"parallax_y\":\"0,100\",\"text_align\":\"left\",\"text_align_breakpoint\":\"m\",\"text_align_fallback\":\"center\"}}]},{\"type\":\"column\",\"props\":{\"image_position\":\"center-center\",\"order_first\":\"m\",\"position_sticky_breakpoint\":\"m\",\"vertical_align\":\"middle\",\"width_medium\":\"1-2\"},\"children\":[{\"type\":\"headline\",\"props\":{\"animation\":\"parallax\",\"content\":\"# 1 \\u2014 Eco Driving\",\"margin\":\"medium\",\"maxwidth\":\"large\",\"maxwidth_breakpoint\":\"m\",\"parallax_breakpoint\":\"m\",\"parallax_easing\":\"1\",\"parallax_y\":\"50,-50\",\"text_align\":\"left\",\"text_align_breakpoint\":\"m\",\"text_align_fallback\":\"center\",\"title_element\":\"h3\",\"title_style\":\"heading-small\"}},{\"type\":\"text\",\"props\":{\"animation\":\"parallax\",\"column_breakpoint\":\"m\",\"content\":\"In hac habitasse platea dictumst at lacus velit nisi libero tortor, tincidunt eget, semper nec hendrerit ac felis. Nunc dictumst egestas, augue eros at sem pellentesque ornare  laoreet.\",\"margin\":\"default\",\"maxwidth\":\"large\",\"maxwidth_breakpoint\":\"m\",\"parallax_breakpoint\":\"m\",\"parallax_easing\":\"1\",\"parallax_y\":\"50,-50\",\"text_align\":\"left\",\"text_align_breakpoint\":\"m\",\"text_align_fallback\":\"center\",\"text_style\":\"large\"}}]}]},{\"type\":\"row\",\"props\":{\"column_gap\":\"large\",\"layout\":\"1-2,1-2\",\"margin\":\"xlarge\",\"row_gap\":\"large\"},\"children\":[{\"type\":\"column\",\"props\":{\"image_position\":\"center-center\",\"position_sticky_breakpoint\":\"m\",\"width_medium\":\"1-2\"},\"children\":[{\"type\":\"image\",\"props\":{\"animation\":\"parallax\",\"image\":\"wp-content\\\/uploads\\\/yootheme\\\/sustainability-solutions-02.jpg\",\"image_box_decoration\":\"default\",\"image_svg_color\":\"emphasis\",\"image_width\":\"400\",\"margin\":\"default\",\"parallax_breakpoint\":\"m\",\"parallax_easing\":\"1\",\"parallax_y\":\"0,100\",\"text_align\":\"center\",\"text_align_breakpoint\":\"m\",\"text_align_fallback\":\"center\"}}]},{\"type\":\"column\",\"props\":{\"image_position\":\"center-center\",\"position_sticky_breakpoint\":\"m\",\"vertical_align\":\"middle\",\"width_medium\":\"1-2\"},\"children\":[{\"type\":\"headline\",\"props\":{\"animation\":\"parallax\",\"content\":\"# 2 \\u2014 Fuel Optimization\",\"margin\":\"medium\",\"parallax_breakpoint\":\"m\",\"parallax_easing\":\"1\",\"parallax_y\":\"50,-50\",\"text_align\":\"left\",\"text_align_breakpoint\":\"m\",\"text_align_fallback\":\"center\",\"title_element\":\"h3\",\"title_style\":\"heading-small\"}},{\"type\":\"text\",\"props\":{\"animation\":\"parallax\",\"column_breakpoint\":\"m\",\"content\":\"In hac habitasse platea dictumst at lacus velit nisi libero tortor, tincidunt eget, semper nec hendrerit ac felis. Nunc dictumst egestas, augue eros at sem pellentesque ornare  laoreet.\",\"margin\":\"default\",\"maxwidth\":\"large\",\"maxwidth_breakpoint\":\"m\",\"parallax_breakpoint\":\"m\",\"parallax_easing\":\"1\",\"parallax_y\":\"50,-50\",\"text_align\":\"left\",\"text_align_breakpoint\":\"m\",\"text_align_fallback\":\"center\",\"text_style\":\"large\"}}]}]},{\"type\":\"row\",\"props\":{\"column_gap\":\"large\",\"layout\":\"1-2,1-2\",\"margin\":\"xlarge\",\"row_gap\":\"large\"},\"children\":[{\"type\":\"column\",\"props\":{\"image_position\":\"center-center\",\"position_sticky_breakpoint\":\"m\",\"vertical_align\":\"middle\",\"width_medium\":\"1-2\"},\"children\":[{\"type\":\"image\",\"props\":{\"animation\":\"parallax\",\"image\":\"wp-content\\\/uploads\\\/yootheme\\\/sustainability-solutions-03.jpg\",\"image_box_decoration\":\"primary\",\"image_svg_color\":\"emphasis\",\"image_width\":\"610\",\"margin\":\"default\",\"parallax_breakpoint\":\"m\",\"parallax_easing\":\"1\",\"parallax_y\":\"0,200\",\"text_align\":\"left\",\"text_align_breakpoint\":\"m\",\"text_align_fallback\":\"center\"}}]},{\"type\":\"column\",\"props\":{\"image_position\":\"center-center\",\"order_first\":\"m\",\"position_sticky_breakpoint\":\"m\",\"vertical_align\":\"middle\",\"width_medium\":\"1-2\"},\"children\":[{\"type\":\"headline\",\"props\":{\"animation\":\"parallax\",\"block_align\":\"center\",\"content\":\"# 3 \\u2014 Fleet Modernization\",\"margin\":\"medium\",\"maxwidth\":\"large\",\"parallax_breakpoint\":\"m\",\"parallax_easing\":\"1\",\"parallax_y\":\"50,-50\",\"text_align\":\"left\",\"text_align_breakpoint\":\"m\",\"text_align_fallback\":\"center\",\"title_element\":\"h3\",\"title_style\":\"heading-small\"}},{\"type\":\"text\",\"props\":{\"animation\":\"parallax\",\"block_align\":\"center\",\"column_breakpoint\":\"m\",\"content\":\"In hac habitasse platea dictumst at lacus velit nisi libero tortor, tincidunt eget, semper nec hendrerit ac felis. Nunc dictumst egestas, augue eros at sem pellentesque ornare  laoreet.\",\"margin\":\"default\",\"maxwidth\":\"large\",\"maxwidth_breakpoint\":\"m\",\"parallax_breakpoint\":\"m\",\"parallax_easing\":\"1\",\"parallax_y\":\"50,-50\",\"text_align\":\"left\",\"text_align_breakpoint\":\"m\",\"text_align_fallback\":\"center\",\"text_style\":\"large\"}}]}]}]},{\"name\":\"Achievement\",\"type\":\"section\",\"props\":{\"image\":\"wp-content\\\/uploads\\\/yootheme\\\/sustainability-achievement-bg.svg\",\"image_position\":\"bottom-center\",\"padding\":\"large\",\"padding_remove_top\":true,\"status\":\"disabled\",\"style\":\"primary\",\"title_breakpoint\":\"xl\",\"title_position\":\"top-left\",\"title_rotation\":\"left\",\"vertical_align\":\"\",\"width\":\"large\"},\"children\":[{\"type\":\"row\",\"children\":[{\"type\":\"column\",\"props\":{\"image_position\":\"center-center\",\"position_sticky_breakpoint\":\"m\",\"width_medium\":\"1-1\"},\"children\":[{\"type\":\"image\",\"props\":{\"css\":\".el-image { margin-top: -10%; }\",\"image\":\"wp-content\\\/uploads\\\/yootheme\\\/sustainability-achievement.jpg\",\"image_svg_color\":\"emphasis\",\"image_width\":\"1360\",\"margin\":\"large\",\"parallax_y\":\"50,0\"}},{\"type\":\"headline\",\"props\":{\"animation\":\"parallax\",\"content\":\"-35 Percent Carbon Dioxide\",\"margin_remove_bottom\":true,\"parallax_breakpoint\":\"m\",\"parallax_easing\":\"1\",\"parallax_y\":\"50,0\",\"text_align\":\"center\",\"title_element\":\"h2\",\"title_style\":\"heading-medium\"}},{\"type\":\"headline\",\"props\":{\"animation\":\"parallax\",\"content\":\"2010 \\u2013 2020 Per Tkm\",\"margin\":\"default\",\"margin_remove_top\":false,\"parallax_breakpoint\":\"m\",\"parallax_easing\":\"1\",\"parallax_y\":\"50,0\",\"text_align\":\"center\",\"title_element\":\"div\",\"title_style\":\"h4\"}}]}]}]}],\"version\":\"4.5.24\"} --><\/p>\n","protected":false},"excerpt":{"rendered":"<p>F\u00f6rdermanagement &amp; Filmgesch\u00e4ftsf\u00fchrung Wickle dein Projekt von Anfang an entsprechend der \u00f6sterreichischen F\u00f6rderungssysteme ab Erstellung der Einreichunterlagen (Drehplan und Kalkulation) Projektbegleitendes F\u00f6rdermanagement im Sinne einer aktiven Filmgesch\u00e4ftsf\u00fchrung Unterst\u00fctzung bei der der Abrechnung Unsere Module Modul #01 Projektentwicklung &amp; Einreichung Dieses Modul ist f\u00fcr die Projektentwicklungsphase gedacht und so konzipiert, dass sie als Teil der Projektentwicklungskosten [&hellip;]<\/p>\n","protected":false},"author":1,"featured_media":0,"parent":0,"menu_order":7,"comment_status":"closed","ping_status":"closed","template":"","meta":{"_acf_changed":false,"footnotes":""},"class_list":["post-5","page","type-page","status-publish","hentry"],"acf":[],"jetpack_sharing_enabled":true,"_links":{"self":[{"href":"https:\/\/www.viennafilmservices.com\/web\/wp-json\/wp\/v2\/pages\/5","targetHints":{"allow":["GET"]}}],"collection":[{"href":"https:\/\/www.viennafilmservices.com\/web\/wp-json\/wp\/v2\/pages"}],"about":[{"href":"https:\/\/www.viennafilmservices.com\/web\/wp-json\/wp\/v2\/types\/page"}],"author":[{"embeddable":true,"href":"https:\/\/www.viennafilmservices.com\/web\/wp-json\/wp\/v2\/users\/1"}],"replies":[{"embeddable":true,"href":"https:\/\/www.viennafilmservices.com\/web\/wp-json\/wp\/v2\/comments?post=5"}],"version-history":[{"count":24,"href":"https:\/\/www.viennafilmservices.com\/web\/wp-json\/wp\/v2\/pages\/5\/revisions"}],"predecessor-version":[{"id":1521,"href":"https:\/\/www.viennafilmservices.com\/web\/wp-json\/wp\/v2\/pages\/5\/revisions\/1521"}],"wp:attachment":[{"href":"https:\/\/www.viennafilmservices.com\/web\/wp-json\/wp\/v2\/media?parent=5"}],"curies":[{"name":"wp","href":"https:\/\/api.w.org\/{rel}","templated":true}]}}